{"id":311,"date":"2023-12-06T10:58:19","date_gmt":"2023-12-06T10:58:19","guid":{"rendered":"https:\/\/station10.hr\/station10\/"},"modified":"2025-02-11T08:07:22","modified_gmt":"2025-02-11T08:07:22","slug":"station10","status":"publish","type":"page","link":"https:\/\/station10.hr\/en\/","title":{"rendered":"Station10"},"content":{"rendered":"","protected":false},"excerpt":{"rendered":"","protected":false},"author":1,"featured_media":639,"parent":0,"menu_order":0,"comment_status":"closed","ping_status":"open","template":"page-templates\/onepage.php","meta":{"footnotes":""},"class_list":["post-311","page","type-page","status-publish","has-post-thumbnail","hentry"],"acf":[],"yoast_head":"<!-- This site is optimized with the Yoast SEO plugin v24.3 - https:\/\/yoast.com\/wordpress\/plugins\/seo\/ -->\n<title>Station10 - Adrenaline Park in Dicmo<\/title>\n<meta name=\"description\" content=\"Adrenalinski park Station10 je omiljena lokacija za teambuildinge, proslave ro\u0111endana, moma\u010dke i djevoja\u010dke zabave, aktivnosti na otvorenom\" \/>\n<meta name=\"robots\" content=\"index, follow, max-snippet:-1, max-image-preview:large, max-video-preview:-1\" \/>\n<link rel=\"canonical\" href=\"https:\/\/station10.hr\/en\/station10\/\" \/>\n<meta property=\"og:locale\" content=\"en_US\" \/>\n<meta property=\"og:type\" content=\"article\" \/>\n<meta property=\"og:title\" content=\"Station10 - Adrenaline Park in Dicmo\" \/>\n<meta property=\"og:description\" content=\"Adrenalinski park Station10 je omiljena lokacija za teambuildinge, proslave ro\u0111endana, moma\u010dke i djevoja\u010dke zabave, aktivnosti na otvorenom\" \/>\n<meta property=\"og:url\" content=\"https:\/\/station10.hr\/en\/station10\/\" \/>\n<meta property=\"og:site_name\" content=\"Station10\" \/>\n<meta property=\"article:publisher\" content=\"https:\/\/www.facebook.com\/profile.php?id=100090464978779\" \/>\n<meta property=\"article:modified_time\" content=\"2025-02-11T08:07:22+00:00\" \/>\n<meta property=\"og:image\" content=\"https:\/\/station10.hr\/wp-content\/uploads\/2023\/12\/station10-usluge.jpg\" \/>\n\t<meta property=\"og:image:width\" content=\"1920\" \/>\n\t<meta property=\"og:image:height\" content=\"840\" \/>\n\t<meta property=\"og:image:type\" content=\"image\/jpeg\" \/>\n<meta name=\"twitter:card\" content=\"summary_large_image\" \/>\n<meta name=\"twitter:label1\" content=\"Est. reading time\" \/>\n\t<meta name=\"twitter:data1\" content=\"15 minutes\" \/>\n<script type=\"application\/ld+json\" class=\"yoast-schema-graph\">{\"@context\":\"https:\/\/schema.org\",\"@graph\":[{\"@type\":\"WebPage\",\"@id\":\"https:\/\/station10.hr\/en\/station10\/\",\"url\":\"https:\/\/station10.hr\/en\/station10\/\",\"name\":\"Station10 - Adrenaline Park in Dicmo\",\"isPartOf\":{\"@id\":\"https:\/\/station10.hr\/#website\"},\"primaryImageOfPage\":{\"@id\":\"https:\/\/station10.hr\/en\/station10\/#primaryimage\"},\"image\":{\"@id\":\"https:\/\/station10.hr\/en\/station10\/#primaryimage\"},\"thumbnailUrl\":\"https:\/\/station10.hr\/wp-content\/uploads\/2025\/04\/station10-345-020723.jpg\",\"datePublished\":\"2023-12-06T10:58:19+00:00\",\"dateModified\":\"2025-02-11T08:07:22+00:00\",\"description\":\"Adrenalinski park Station10 je omiljena lokacija za teambuildinge, proslave ro\u0111endana, moma\u010dke i djevoja\u010dke zabave, aktivnosti na otvorenom\",\"breadcrumb\":{\"@id\":\"https:\/\/station10.hr\/en\/station10\/#breadcrumb\"},\"inLanguage\":\"en-US\",\"potentialAction\":[{\"@type\":\"ReadAction\",\"target\":[\"https:\/\/station10.hr\/en\/station10\/\"]}]},{\"@type\":\"ImageObject\",\"inLanguage\":\"en-US\",\"@id\":\"https:\/\/station10.hr\/en\/station10\/#primaryimage\",\"url\":\"https:\/\/station10.hr\/wp-content\/uploads\/2025\/04\/station10-345-020723.jpg\",\"contentUrl\":\"https:\/\/station10.hr\/wp-content\/uploads\/2025\/04\/station10-345-020723.jpg\",\"width\":1600,\"height\":1067},{\"@type\":\"BreadcrumbList\",\"@id\":\"https:\/\/station10.hr\/en\/station10\/#breadcrumb\",\"itemListElement\":[{\"@type\":\"ListItem\",\"position\":1,\"name\":\"Home\",\"item\":\"https:\/\/station10.hr\/en\/station10\/\"},{\"@type\":\"ListItem\",\"position\":2,\"name\":\"Station10\"}]},{\"@type\":\"WebSite\",\"@id\":\"https:\/\/station10.hr\/#website\",\"url\":\"https:\/\/station10.hr\/\",\"name\":\"Station10\",\"description\":\"Adrenalinski park\",\"publisher\":{\"@id\":\"https:\/\/station10.hr\/#organization\"},\"potentialAction\":[{\"@type\":\"SearchAction\",\"target\":{\"@type\":\"EntryPoint\",\"urlTemplate\":\"https:\/\/station10.hr\/?s={search_term_string}\"},\"query-input\":{\"@type\":\"PropertyValueSpecification\",\"valueRequired\":true,\"valueName\":\"search_term_string\"}}],\"inLanguage\":\"en-US\"},{\"@type\":\"Organization\",\"@id\":\"https:\/\/station10.hr\/#organization\",\"name\":\"Station10\",\"url\":\"https:\/\/station10.hr\/\",\"logo\":{\"@type\":\"ImageObject\",\"inLanguage\":\"en-US\",\"@id\":\"https:\/\/station10.hr\/#\/schema\/logo\/image\/\",\"url\":\"https:\/\/station10.hr\/wp-content\/uploads\/2024\/02\/331284530_1247536892522870_3719730497549406120_n.jpg\",\"contentUrl\":\"https:\/\/station10.hr\/wp-content\/uploads\/2024\/02\/331284530_1247536892522870_3719730497549406120_n.jpg\",\"width\":1080,\"height\":1080,\"caption\":\"Station10\"},\"image\":{\"@id\":\"https:\/\/station10.hr\/#\/schema\/logo\/image\/\"},\"sameAs\":[\"https:\/\/www.facebook.com\/profile.php?id=100090464978779\",\"https:\/\/www.instagram.com\/station10.hr\/\"]}]}<\/script>\n<!-- \/ Yoast SEO plugin. -->","yoast_head_json":{"title":"Station10 - Adrenaline Park in Dicmo","description":"Adrenalinski park Station10 je omiljena lokacija za teambuildinge, proslave ro\u0111endana, moma\u010dke i djevoja\u010dke zabave, aktivnosti na otvorenom","robots":{"index":"index","follow":"follow","max-snippet":"max-snippet:-1","max-image-preview":"max-image-preview:large","max-video-preview":"max-video-preview:-1"},"canonical":"https:\/\/station10.hr\/en\/station10\/","og_locale":"en_US","og_type":"article","og_title":"Station10 - Adrenaline Park in Dicmo","og_description":"Adrenalinski park Station10 je omiljena lokacija za teambuildinge, proslave ro\u0111endana, moma\u010dke i djevoja\u010dke zabave, aktivnosti na otvorenom","og_url":"https:\/\/station10.hr\/en\/station10\/","og_site_name":"Station10","article_publisher":"https:\/\/www.facebook.com\/profile.php?id=100090464978779","article_modified_time":"2025-02-11T08:07:22+00:00","og_image":[{"width":1920,"height":840,"url":"https:\/\/station10.hr\/wp-content\/uploads\/2023\/12\/station10-usluge.jpg","type":"image\/jpeg"}],"twitter_card":"summary_large_image","twitter_misc":{"Est. reading time":"15 minutes"},"schema":{"@context":"https:\/\/schema.org","@graph":[{"@type":"WebPage","@id":"https:\/\/station10.hr\/en\/station10\/","url":"https:\/\/station10.hr\/en\/station10\/","name":"Station10 - Adrenaline Park in Dicmo","isPartOf":{"@id":"https:\/\/station10.hr\/#website"},"primaryImageOfPage":{"@id":"https:\/\/station10.hr\/en\/station10\/#primaryimage"},"image":{"@id":"https:\/\/station10.hr\/en\/station10\/#primaryimage"},"thumbnailUrl":"https:\/\/station10.hr\/wp-content\/uploads\/2025\/04\/station10-345-020723.jpg","datePublished":"2023-12-06T10:58:19+00:00","dateModified":"2025-02-11T08:07:22+00:00","description":"Adrenalinski park Station10 je omiljena lokacija za teambuildinge, proslave ro\u0111endana, moma\u010dke i djevoja\u010dke zabave, aktivnosti na otvorenom","breadcrumb":{"@id":"https:\/\/station10.hr\/en\/station10\/#breadcrumb"},"inLanguage":"en-US","potentialAction":[{"@type":"ReadAction","target":["https:\/\/station10.hr\/en\/station10\/"]}]},{"@type":"ImageObject","inLanguage":"en-US","@id":"https:\/\/station10.hr\/en\/station10\/#primaryimage","url":"https:\/\/station10.hr\/wp-content\/uploads\/2025\/04\/station10-345-020723.jpg","contentUrl":"https:\/\/station10.hr\/wp-content\/uploads\/2025\/04\/station10-345-020723.jpg","width":1600,"height":1067},{"@type":"BreadcrumbList","@id":"https:\/\/station10.hr\/en\/station10\/#breadcrumb","itemListElement":[{"@type":"ListItem","position":1,"name":"Home","item":"https:\/\/station10.hr\/en\/station10\/"},{"@type":"ListItem","position":2,"name":"Station10"}]},{"@type":"WebSite","@id":"https:\/\/station10.hr\/#website","url":"https:\/\/station10.hr\/","name":"Station10","description":"Adrenalinski park","publisher":{"@id":"https:\/\/station10.hr\/#organization"},"potentialAction":[{"@type":"SearchAction","target":{"@type":"EntryPoint","urlTemplate":"https:\/\/station10.hr\/?s={search_term_string}"},"query-input":{"@type":"PropertyValueSpecification","valueRequired":true,"valueName":"search_term_string"}}],"inLanguage":"en-US"},{"@type":"Organization","@id":"https:\/\/station10.hr\/#organization","name":"Station10","url":"https:\/\/station10.hr\/","logo":{"@type":"ImageObject","inLanguage":"en-US","@id":"https:\/\/station10.hr\/#\/schema\/logo\/image\/","url":"https:\/\/station10.hr\/wp-content\/uploads\/2024\/02\/331284530_1247536892522870_3719730497549406120_n.jpg","contentUrl":"https:\/\/station10.hr\/wp-content\/uploads\/2024\/02\/331284530_1247536892522870_3719730497549406120_n.jpg","width":1080,"height":1080,"caption":"Station10"},"image":{"@id":"https:\/\/station10.hr\/#\/schema\/logo\/image\/"},"sameAs":["https:\/\/www.facebook.com\/profile.php?id=100090464978779","https:\/\/www.instagram.com\/station10.hr\/"]}]}},"_links":{"self":[{"href":"https:\/\/station10.hr\/en\/wp-json\/wp\/v2\/pages\/311","targetHints":{"allow":["GET"]}}],"collection":[{"href":"https:\/\/station10.hr\/en\/wp-json\/wp\/v2\/pages"}],"about":[{"href":"https:\/\/station10.hr\/en\/wp-json\/wp\/v2\/types\/page"}],"author":[{"embeddable":true,"href":"https:\/\/station10.hr\/en\/wp-json\/wp\/v2\/users\/1"}],"replies":[{"embeddable":true,"href":"https:\/\/station10.hr\/en\/wp-json\/wp\/v2\/comments?post=311"}],"version-history":[{"count":1,"href":"https:\/\/station10.hr\/en\/wp-json\/wp\/v2\/pages\/311\/revisions"}],"predecessor-version":[{"id":316,"href":"https:\/\/station10.hr\/en\/wp-json\/wp\/v2\/pages\/311\/revisions\/316"}],"wp:featuredmedia":[{"embeddable":true,"href":"https:\/\/station10.hr\/en\/wp-json\/wp\/v2\/media\/639"}],"wp:attachment":[{"href":"https:\/\/station10.hr\/en\/wp-json\/wp\/v2\/media?parent=311"}],"curies":[{"name":"wp","href":"https:\/\/api.w.org\/{rel}","templated":true}]}}